{"id":1836,"date":"2020-02-24T15:51:01","date_gmt":"2020-02-24T15:51:01","guid":{"rendered":"http:\/\/vinhhaocnc.com.vn\/?page_id=1836"},"modified":"2020-04-20T02:28:13","modified_gmt":"2020-04-20T02:28:13","slug":"about-us","status":"publish","type":"page","link":"http:\/\/cafe.khomaudeprt.com\/?page_id=1836","title":{"rendered":"about us"},"content":{"rendered":"\r\n<h1><\/h1>\r\n<h1><strong>C\u00d4NG TY V\u0128NH H\u00c0O &#8211; NH\u00c0 CUNG C\u1ea4P M\u00c1Y C\u1eaeT D\u00c2Y CH\u00cdNH H\u00c3NG V\u00c0 V\u1eacT T\u01af C\u01a0 KH\u00cd CH\u00cdNH X\u00c1C UY T\u00cdN, CH\u1ea4T L\u01af\u1ee2NG\u00a0<\/strong><\/h1>\r\n<p><img decoding=\"async\" loading=\"lazy\" class=\"alignnone size-medium wp-image-1705 aligncenter\" src=\"http:\/\/vinhhaocnc.com.vn\/wp-content\/uploads\/2020\/04\/image002-711x400.jpg\" alt=\"\" width=\"711\" height=\"400\" \/><\/p>\r\n<p>C\u00f9ng v\u1edbi s\u1ef1 ph\u00e1t tri\u1ec3n kh\u00f4ng ng\u1eebng c\u1ee7a ng\u00e0nh c\u00f4ng nghi\u1ec7p n\u00f3i chung v\u00e0 ng\u00e0nh gia c\u00f4ng c\u01a1 kh\u00ed ch\u00ednh x\u00e1c n\u00f3i ri\u00eang, nhu c\u1ea7u v\u1ec1 s\u1ea3n xu\u1ea5t \u1ed5n \u0111\u1ecbnh, ti\u00eau hao nguy\u00ean li\u1ec7u th\u1ea5p c\u1ee7a c\u00e1c \u0111\u01a1n v\u1ecb s\u1ea3n xu\u1ea5t ng\u00e0y c\u00e0ng \u0111\u01b0\u1ee3c n\u00e2ng cao. Hi\u1ec7n nay, tr\u00ean th\u1ecb tr\u01b0\u1eddng c\u00f3 r\u1ea5t nhi\u1ec1u h\u00e0ng gi\u1ea3, h\u00e0ng nh\u00e1i l\u1eabn l\u1ed9n, khi\u1ebfn \u0111\u01a1n v\u1ecb s\u1ea3n xu\u1ea5t kh\u00f4ng th\u1ec3 ki\u1ec3m so\u00e1t ho\u1eb7c b\u1ecb \u1ea3nh h\u01b0\u1edfng r\u1ea5t l\u1edbn \u0111\u1ed1i v\u1edbi vi\u1ec7c gia c\u00f4ng s\u1ea3n xu\u1ea5t. \u0110\u00e1p \u1ee9ng nhu c\u1ea7u s\u1ea3n xu\u1ea5t \u0111\u00f3 l\u00e0 gi\u1ea3i ph\u00e1p v\u1ec1 c\u00f4ng ngh\u1ec7 t\u1ed1i \u01b0u trong \u0111\u1ea7u t\u01b0 s\u1ea3n xu\u1ea5t, th\u00e1o g\u1ee1 nh\u1eefng kh\u00f3 kh\u0103n v\u1ec1 c\u00f4ng ngh\u1ec7 cho \u0111\u01a1n v\u1ecb \u1edf l\u0129nh v\u1ef1c gia c\u00f4ng.\u00a0<em>V\u1eady doanh nghi\u1ec7p c\u1ea7n l\u1ef1a ch\u1ecdn m\u1eb7t h\u00e0ng ch\u00ednh h\u00e3ng, gi\u00e1 th\u00e0nh c\u1ea1nh tranh nh\u1ea5t, hay doanh nghi\u1ec7p gia c\u00f4ng c\u1ea7n t\u00ecm gi\u1ea3i ph\u00e1p trong \u0111\u1ea7u t\u01b0 d\u00e2y chuy\u1ec1n s\u1ea3n xu\u1ea5t gia c\u00f4ng t\u1ed1i \u01b0u nh\u1ea5t \u0111\u1ec3 \u0111\u01a1n v\u1ecb m\u00ecnh ng\u00e0y s\u1ea3n xu\u1ea5t \u1ed5n \u0111\u1ecbnh, t\u0103ng hi\u1ec7u su\u1ea5t kinh doanh<\/em>.<\/p>\r\n<p>C\u00f4ng ty TNHH V\u1eadt t\u01b0 v\u00e0 Th\u01b0\u01a1ng m\u1ea1i V\u0129nh H\u00e0o ra \u0111\u1eddi v\u1edbi mong mu\u1ed1n \u0111\u01b0\u1ee3c \u0111em s\u1ea3n ph\u1ea9m v\u1eadt t\u01b0 gia c\u00f4ng ch\u00ednh h\u00e3ng t\u1edbi tay ng\u01b0\u1eddi s\u1eed d\u1ee5ng, cung c\u1ea5p m\u00e1y m\u00f3c, d\u00e2y chuy\u1ec1n v\u00e0 d\u1ecbch v\u1ee5 t\u01b0 v\u1ea5n k\u1ef9 thu\u1eadt c\u00f4ng ngh\u1ec7 cao c\u1ee7a Nh\u1eadt, Trung Qu\u1ed1c,\u00a0\u0110\u00e0i Loan,&#8230; cho d\u1ef1 \u00e1n gia c\u00f4ng c\u01a1 kh\u00ed ch\u00ednh x\u00e1c m\u1ed9t c\u00e1ch ho\u00e0n h\u1ea3o nh\u1ea5t.<\/p>\r\n<p><strong>C\u00e1c s\u1ea3n ph\u1ea9m, d\u1ecbch v\u1ee5 ch\u00ednh c\u1ee7a ch\u00fang t\u00f4i bao g\u1ed3m:<\/strong><\/p>\r\n<p><strong>&#8211;\u00a0<a href=\"http:\/\/maycatdaycnc.vn\/p\/may-cat-day\">M\u00e1y c\u1eaft d\u00e2y CNC \/ EDM ch\u00ednh h\u00e3ng ch\u1ea5t l\u01b0\u1ee3ng<\/a><\/strong>,\u00a0gi\u00e1 t\u1ed1t nh\u1ea5t: C\u00e1c d\u00f2ng m\u00e1y c\u1eaft d\u00e2y th\u1ebf h\u1ec7 m\u1edbi, c\u00f4ng ngh\u1ec7 cao c\u1ee7a Nh\u1eadt B\u1ea3n, Trung Qu\u1ed1c, \u0110\u00e0i Loan<\/p>\r\n<p>&#8211;\u00a0<strong>M\u00e1y xung \u0111i\u1ec7n v\u00e0\u00a0<\/strong><strong>M\u00e1y \u0111\u1ee5c l\u1ed7 EDM<\/strong>: M\u00e1y xung th\u1ebf h\u1ec7 m\u1edbi c\u00f4ng ngh\u1ec7 cao c\u1ee7a Nh\u1eadt B\u1ea3n, Trung Qu\u1ed1c, \u0110\u00e0i Loan<\/p>\r\n<p>&#8211;\u00a0<strong>L\u00f2 T\u00f4i cao t\u1ea7n c\u1ea3m \u1ee9ng<\/strong>:\u00a0D\u00f9ng linh ki\u1ec7n b\u00e1n d\u1eabn hi\u1ec7n \u0111\u1ea1i nh\u1ea5t- IGBT- \u0111\u1ec3 l\u00e0m m\u1ea1ch dao \u0111\u1ed9ng c\u1ed9ng h\u01b0\u1edfng th\u1ebf trong thi\u1ebft b\u1ecb<\/p>\r\n<p><strong>&#8211;\u00a0<a href=\"http:\/\/maycatdaycnc.vn\/p\/may-cat-day-cu\">M\u00e1y c\u1eaft d\u00e2y c\u0169<\/a><\/strong>: m\u00e1y c\u1eaft d\u00e2y c\u0169 c\u1ee7a Nh\u1eadt B\u1ea3n, m\u00e1y c\u1eaft d\u00e2y c\u0169 c\u1ee7a Trung Qu\u1ed1c, \u0110\u00e0i Loan<\/p>\r\n<p><strong>&#8211;\u00a0<a href=\"http:\/\/maycatdaycnc.vn\/\">M\u00e1y CNC ch\u00ednh h\u00e3ng<\/a><\/strong>:\u00a0 M\u00e1y \u0111i\u00eau kh\u1eafc khu\u00f4n, M\u00e1y kh\u1eafc Lazer, M\u00e1y ch\u1ea5n, M\u00e1y ph\u00e1 taro &#8230;<\/p>\r\n<p><strong>&#8211;\u00a0<a href=\"http:\/\/maycatdaycnc.vn\/p\/vat-tu-linh-kien\">V\u1eadt t\u01b0 linh ki\u1ec7n m\u00e1y c\u1eaft d\u00e2y<\/a><\/strong>: v\u1eadt t\u01b0 m\u00e1y c\u1eaft d\u00e2y, v\u1eadt t\u01b0 m\u00e1y xung \u0111i\u1ec7n, v\u1eadt t\u01b0 m\u00e1y b\u1eaft l\u1ed7, linh ki\u1ec7n khu\u00f4n m\u1eabu,&#8230;<\/p>\r\n<p><strong>&#8211;<a href=\"http:\/\/maycatdaycnc.vn\/page\/dich-vu-ky-thuat\">\u00a0D\u1ecbch v\u1ee5 s\u1eeda ch\u1eefa m\u00e1y c\u1eaft d\u00e2y<\/a><\/strong>:\u00a0s\u1eeda ch\u1eefa m\u00e1y c\u1eaft d\u00e2y, l\u1eafp \u0111\u1eb7t c\u1ea3i t\u1ea1o t\u1ee7 \u0111i\u1ec7n, l\u1eafp th\u01b0\u1edbc quang,\u00a0d\u1ecbch v\u1ee5 gia c\u00f4ng c\u1eaft d\u00e2y,&#8230;<\/p>\r\n<p><strong>M\u1ecdi th\u00f4ng tin xin li\u00ean h\u1ec7:<\/strong><\/p>\r\n<p>C\u00f4ng ty TNHH V\u1eadt t\u01b0 v\u00e0 th\u01b0\u01a1ng m\u1ea1i V\u0129nh H\u00e0o<\/p>\r\n<p>Website:\u00a0<strong>http:\/\/vattuvinhhao.com<\/strong>\u00a0ho\u1eb7c\u00a0<strong>htttp:\/\/maycatdaycnc.vn\u00a0<\/strong><\/p>\r\n<p>\u0110\u1ecba ch\u1ec9 \u0110KKD: 27, Ng\u00f5 575\/22 Kim M\u00e3, Ng\u1ecdc Kh\u00e1nh, H\u00e0 N\u1ed9i<\/p>\r\n<p>\u0110\u1ecba ch\u1ec9 VP v\u00e0 Kho: \u0110\u01b0\u1eddng\u00a0v\u00e0nh\u00a0\u0110ai 3 (g\u1ea7n\u00a0\u0110\u00ecnh\u00a0Nam\u00a0D\u01b0\u00a0H\u1ea1\u200b), p. Tr\u1ea7n Ph\u00fa, Q.Ho\u00e0ng Mai,\u00a0H\u00e0 N\u1ed9i.)<\/p>\r\n<p>Hotline: 098 634 4645 ; Email:vattuvinhhao@gmail.com<\/p>\r\n<p>Zalo: 098 634 4645 &#8211; 098 380 7965\u00a0\u00a0<\/p>\r\n<p><strong>V\u0129nh H\u00e0o \u2013 ni\u1ec1m t\u1ef1 h\u00e0o cho Doanh nghi\u1ec7p gia c\u00f4ng ch\u1ebf t\u1ea1o.<\/strong><\/p>\r\n<h1><\/h1>\r\n","protected":false},"excerpt":{"rendered":"<p>C\u00d4NG TY V\u0128NH H\u00c0O &#8211; NH\u00c0 CUNG C\u1ea4P M\u00c1Y C\u1eaeT D\u00c2Y CH\u00cdNH H\u00c3NG V\u00c0 V\u1eacT T\u01af C\u01a0 KH\u00cd CH\u00cdNH X\u00c1C UY T\u00cdN, CH\u1ea4T L\u01af\u1ee2NG\u00a0 C\u00f9ng v\u1edbi s\u1ef1 ph\u00e1t tri\u1ec3n kh\u00f4ng ng\u1eebng c\u1ee7a ng\u00e0nh c\u00f4ng nghi\u1ec7p n\u00f3i chung v\u00e0 ng\u00e0nh gia c\u00f4ng c\u01a1 kh\u00ed ch\u00ednh x\u00e1c n\u00f3i ri\u00eang, nhu c\u1ea7u v\u1ec1 s\u1ea3n xu\u1ea5t \u1ed5n \u0111\u1ecbnh, ti\u00eau [&#8230;]\n","protected":false},"author":6,"featured_media":0,"parent":0,"menu_order":19,"comment_status":"closed","ping_status":"closed","template":"","meta":[],"lang":"en","translations":{"en":1836,"vi":994},"pll_sync_post":[],"_links":{"self":[{"href":"http:\/\/cafe.khomaudeprt.com\/index.php?rest_route=\/wp\/v2\/pages\/1836"}],"collection":[{"href":"http:\/\/cafe.khomaudeprt.com\/index.php?rest_route=\/wp\/v2\/pages"}],"about":[{"href":"http:\/\/cafe.khomaudeprt.com\/index.php?rest_route=\/wp\/v2\/types\/page"}],"author":[{"embeddable":true,"href":"http:\/\/cafe.khomaudeprt.com\/index.php?rest_route=\/wp\/v2\/users\/6"}],"replies":[{"embeddable":true,"href":"http:\/\/cafe.khomaudeprt.com\/index.php?rest_route=%2Fwp%2Fv2%2Fcomments&post=1836"}],"version-history":[{"count":1,"href":"http:\/\/cafe.khomaudeprt.com\/index.php?rest_route=\/wp\/v2\/pages\/1836\/revisions"}],"predecessor-version":[{"id":1837,"href":"http:\/\/cafe.khomaudeprt.com\/index.php?rest_route=\/wp\/v2\/pages\/1836\/revisions\/1837"}],"wp:attachment":[{"href":"http:\/\/cafe.khomaudeprt.com\/index.php?rest_route=%2Fwp%2Fv2%2Fmedia&parent=1836"}],"curies":[{"name":"wp","href":"https:\/\/api.w.org\/{rel}","templated":true}]}}