{"id":2479,"date":"2020-02-09T04:21:19","date_gmt":"2020-02-09T04:21:19","guid":{"rendered":"http:\/\/cafe.khomaudeprt.com\/?page_id=2479"},"modified":"2020-08-28T10:01:00","modified_gmt":"2020-08-28T10:01:00","slug":"contact","status":"publish","type":"page","link":"http:\/\/cafe.khomaudeprt.com\/?page_id=2479","title":{"rendered":"Contact"},"content":{"rendered":"<div class=\"row\"  id=\"row-1804025793\">\n\n\t<div id=\"col-497268333\" class=\"col small-12 large-12\"  >\n\t\t\t\t<div class=\"col-inner\"  >\n\t\t\t\n\t\t\t\n\t<div class=\"img has-hover x md-x lg-x y md-y lg-y\" id=\"image_1622157461\">\n\t\t\t\t\t\t\t\t<div class=\"img-inner dark\" >\n\t\t\t<img width=\"1884\" height=\"520\" src=\"http:\/\/cafe.khomaudeprt.com\/wp-content\/uploads\/2020\/08\/map.png\" class=\"attachment-original size-original\" alt=\"\" decoding=\"async\" loading=\"lazy\" srcset=\"http:\/\/cafe.khomaudeprt.com\/wp-content\/uploads\/2020\/08\/map.png 1884w, http:\/\/cafe.khomaudeprt.com\/wp-content\/uploads\/2020\/08\/map-800x221.png 800w, http:\/\/cafe.khomaudeprt.com\/wp-content\/uploads\/2020\/08\/map-1400x386.png 1400w, http:\/\/cafe.khomaudeprt.com\/wp-content\/uploads\/2020\/08\/map-768x212.png 768w, http:\/\/cafe.khomaudeprt.com\/wp-content\/uploads\/2020\/08\/map-1536x424.png 1536w\" sizes=\"(max-width: 1884px) 100vw, 1884px\" \/>\t\t\t\t\t\t\n\t\t\t\t\t<\/div>\n\t\t\t\t\t\t\t\t\n<style>\n#image_1622157461 {\n  width: 100%;\n}\n<\/style>\n\t<\/div>\n\t\n\t\t<\/div>\n\t\t\t\t\t<\/div>\n\n\t\n<\/div>\n<div class=\"row row__truso\"  id=\"row-560629757\">\n\n\t<div id=\"col-434444557\" class=\"col small-12 large-12\"  >\n\t\t\t\t<div class=\"col-inner\"  >\n\t\t\t\n\t\t\t\n<div class=\"container section-title-container title__truso\" ><h3 class=\"section-title section-title-normal\"><b><\/b><span class=\"section-title-main\" >HEAD OFFICE<\/span><b><\/b><\/h3><\/div>\n\t\t<\/div>\n\t\t\t\t\t<\/div>\n\n\t\n\n\t<div id=\"col-1101081541\" class=\"col medium-3 small-12 large-3\"  >\n\t\t\t\t<div class=\"col-inner\"  >\n\t\t\t\n\t\t\t\n<h3>Chocolate Graphics Vietnam<\/h3>\n<p>128 Tr\u01b0\u1eddng Chinh, P. T\u00e2n H\u01b0ng Thu\u1eadn, Qu\u1eadn 12, Tp.HCM<\/p>\n<p>Work time : 8am &#8211; 5.30pm (Mon &#8211; Sat)<\/p>\n<p>\nPhone: (+84) 902 888 513<\/p>\n\t\t<\/div>\n\t\t\t\t\t<\/div>\n\n\t\n\n\t<div id=\"col-280324651\" class=\"col medium-3 small-12 large-3\"  >\n\t\t\t\t<div class=\"col-inner\"  >\n\t\t\t\n\t\t\t\n<h3>Vincom Th\u1ea3o \u0110i\u1ec1n<\/h3>\n<p>L2 &#8211; K6B &#8211; Vincom Th\u1ea3o \u0110i\u1ec1n, 161 Xa L\u1ed9 H\u00e0 N\u1ed9i, Qu\u1eadn 2, Tp.HCM<\/p>\n<p>Work time : 11am &#8211; 9pm (Mon-Fri); 10am &#8211; 9pm (Sat-Sun)<\/p>\n<p>\nPhone: (84.28) 7301 1335<\/p>\n\t\t<\/div>\n\t\t\t\t\t<\/div>\n\n\t\n\n\t<div id=\"col-690140065\" class=\"col medium-3 small-12 large-3\"  >\n\t\t\t\t<div class=\"col-inner\"  >\n\t\t\t\n\t\t\t\n<h3>Vincom L\u00ea Th\u00e1nh T\u00f4n<\/h3>\n<p>B3-13 Vincom B, 70-72 L\u00ea Th\u00e1nh T\u00f4n, Qu\u1eadn 1, Tp.HCM<\/p>\n<p>Work time: 11am &#8211; 9pm (Mon-Fri); 10am &#8211; 9pm (Sat-Sun)<\/p>\n<p>\nPhone: (84.28) 7301 1338<\/p>\n\t\t<\/div>\n\t\t\t\t\t<\/div>\n\n\t\n\n\t<div id=\"col-1208829917\" class=\"col medium-3 small-12 large-3\"  >\n\t\t\t\t<div class=\"col-inner\"  >\n\t\t\t\n\t\t\t\n<h3>Showroom \u0110\u00e0 N\u1eb5ng<\/h3>\n<p>295 Nguy\u1ec5n V\u0103n Linh, P.Th\u1ea1c Gi\u00e1n, Q.Thanh Kh\u00ea. Tp.\u0110N<\/p>\n<p>Work time: 8am &#8211; 5pm (Mon &#8211; Sat)<\/p>\n<p>Phone: 02367300833<\/p>\n\t\t<\/div>\n\t\t\t\t\t<\/div>\n\n\t\n<\/div>\n<div class=\"row row__truso\"  id=\"row-1978292073\">\n\n\t<div id=\"col-1369119653\" class=\"col small-12 large-12\"  >\n\t\t\t\t<div class=\"col-inner\"  >\n\t\t\t\n\t\t\t\n<div class=\"container section-title-container title__truso\" ><h3 class=\"section-title section-title-normal\"><b><\/b><span class=\"section-title-main\" >THE HANOI BRANCH<\/span><b><\/b><\/h3><\/div>\n\t\t<\/div>\n\t\t\t\t\t<\/div>\n\n\t\n\n\t<div id=\"col-1211423154\" class=\"col medium-3 small-12 large-3\"  >\n\t\t\t\t<div class=\"col-inner\"  >\n\t\t\t\n\t\t\t\n<h3>Chocolate Graphics Vietnam<\/h3>\n<p>128 Tr\u01b0\u1eddng Chinh, P. T\u00e2n H\u01b0ng Thu\u1eadn, Qu\u1eadn 12, Tp.HCM<\/p>\n<p>Work time: 8am &#8211; 5.30pm (Mon &#8211; Sat)<\/p>\n<p>\nPhone: (+84) 902 888 513<\/p>\n\t\t<\/div>\n\t\t\t\t\t<\/div>\n\n\t\n\n\t<div id=\"col-998938883\" class=\"col medium-3 small-12 large-3\"  >\n\t\t\t\t<div class=\"col-inner\"  >\n\t\t\t\n\t\t\t\n<h3>Vincom Th\u1ea3o \u0110i\u1ec1n<\/h3>\n<p>L2 &#8211; K6B &#8211; Vincom Th\u1ea3o \u0110i\u1ec1n, 161 Xa L\u1ed9 H\u00e0 N\u1ed9i, Qu\u1eadn 2, Tp.HCM<\/p>\n<p>Work time: 11am &#8211; 9pm (Mon-Fri); 10am &#8211; 9pm (Sat-Sun)<\/p>\n<p>\nPhone: (84.28) 7301 1335<\/p>\n\t\t<\/div>\n\t\t\t\t\t<\/div>\n\n\t\n<\/div>\n<div class=\"row align-middle\"  id=\"row-2116131438\">\n\n\t<div id=\"col-1026802338\" class=\"col small-12 large-12\"  >\n\t\t\t\t<div class=\"col-inner\"  >\n\t\t\t\n\t\t\t\n<div class=\"container section-title-container title__trusos\" ><h3 class=\"section-title section-title-center\"><b><\/b><span class=\"section-title-main\" >WRITE US<\/span><b><\/b><\/h3><\/div>\n<p style=\"text-align: center;\">\nMessage us and we&#8217;ll get back to you as quickly as possible.<\/p>\n<div class=\"wpcf7 no-js\" id=\"wpcf7-f2484-o1\" lang=\"vi\" dir=\"ltr\">\n<div class=\"screen-reader-response\"><p role=\"status\" aria-live=\"polite\" aria-atomic=\"true\"><\/p> <ul><\/ul><\/div>\n<form action=\"\/index.php?rest_route=%2Fwp%2Fv2%2Fpages%2F2479#wpcf7-f2484-o1\" method=\"post\" class=\"wpcf7-form init\" aria-label=\"Contact form\" novalidate=\"novalidate\" data-status=\"init\">\n<div style=\"display: none;\">\n<input type=\"hidden\" name=\"_wpcf7\" value=\"2484\" \/>\n<input type=\"hidden\" name=\"_wpcf7_version\" value=\"5.7.1\" \/>\n<input type=\"hidden\" name=\"_wpcf7_locale\" value=\"vi\" \/>\n<input type=\"hidden\" name=\"_wpcf7_unit_tag\" value=\"wpcf7-f2484-o1\" \/>\n<input type=\"hidden\" name=\"_wpcf7_container_post\" value=\"0\" \/>\n<input type=\"hidden\" name=\"_wpcf7_posted_data_hash\" value=\"\" \/>\n<\/div>\n<div class=\"fomr__contact\">\n\t<div class=\"form__nt1\">\n\t\t<p><span class=\"wpcf7-form-control-wrap\" data-name=\"hoten\"><input size=\"40\" class=\"wpcf7-form-control wpcf7-text wpcf7-validates-as-required\" aria-required=\"true\" aria-invalid=\"false\" placeholder=\"Name\" value=\"\" type=\"text\" name=\"hoten\" \/><\/span><span class=\"wpcf7-form-control-wrap\" data-name=\"sodienthoai\"><input size=\"40\" class=\"wpcf7-form-control wpcf7-text wpcf7-tel wpcf7-validates-as-required wpcf7-validates-as-tel\" aria-required=\"true\" aria-invalid=\"false\" placeholder=\"Phone\" value=\"\" type=\"tel\" name=\"sodienthoai\" \/><\/span><span class=\"wpcf7-form-control-wrap\" data-name=\"email-963\"><input size=\"40\" class=\"wpcf7-form-control wpcf7-text wpcf7-email wpcf7-validates-as-email\" aria-invalid=\"false\" placeholder=\"email\" value=\"\" type=\"email\" name=\"email-963\" \/><\/span>\n\t\t<\/p>\n\t<\/div>\n\t<p><span class=\"wpcf7-form-control-wrap\" data-name=\"Noidung\"><textarea cols=\"40\" rows=\"10\" class=\"wpcf7-form-control wpcf7-textarea\" aria-invalid=\"false\" placeholder=\"Content\" name=\"Noidung\"><\/textarea><\/span><input class=\"wpcf7-form-control has-spinner wpcf7-submit\" type=\"submit\" value=\"Submit\" \/>\n\t<\/p>\n<\/div><div class=\"wpcf7-response-output\" aria-hidden=\"true\"><\/div><\/form><\/div>\n\t\t<\/div>\n\t\t\t\t\t<\/div>\n\n\t\n<\/div>\n","protected":false},"excerpt":{"rendered":"","protected":false},"author":6,"featured_media":0,"parent":0,"menu_order":13,"comment_status":"closed","ping_status":"closed","template":"","meta":[],"lang":"en","translations":{"en":2479,"vi":568},"pll_sync_post":[],"_links":{"self":[{"href":"http:\/\/cafe.khomaudeprt.com\/index.php?rest_route=\/wp\/v2\/pages\/2479"}],"collection":[{"href":"http:\/\/cafe.khomaudeprt.com\/index.php?rest_route=\/wp\/v2\/pages"}],"about":[{"href":"http:\/\/cafe.khomaudeprt.com\/index.php?rest_route=\/wp\/v2\/types\/page"}],"author":[{"embeddable":true,"href":"http:\/\/cafe.khomaudeprt.com\/index.php?rest_route=\/wp\/v2\/users\/6"}],"replies":[{"embeddable":true,"href":"http:\/\/cafe.khomaudeprt.com\/index.php?rest_route=%2Fwp%2Fv2%2Fcomments&post=2479"}],"version-history":[{"count":4,"href":"http:\/\/cafe.khomaudeprt.com\/index.php?rest_route=\/wp\/v2\/pages\/2479\/revisions"}],"predecessor-version":[{"id":2485,"href":"http:\/\/cafe.khomaudeprt.com\/index.php?rest_route=\/wp\/v2\/pages\/2479\/revisions\/2485"}],"wp:attachment":[{"href":"http:\/\/cafe.khomaudeprt.com\/index.php?rest_route=%2Fwp%2Fv2%2Fmedia&parent=2479"}],"curies":[{"name":"wp","href":"https:\/\/api.w.org\/{rel}","templated":true}]}}