{"id":2407,"date":"2020-08-25T02:07:43","date_gmt":"2020-08-25T02:07:43","guid":{"rendered":"http:\/\/cafe.khomaudeprt.com\/?post_type=product&#038;p=2407"},"modified":"2020-08-26T07:16:32","modified_gmt":"2020-08-26T07:16:32","slug":"dark-chocolate-dami-80-cocoa-almond-18","status":"publish","type":"product","link":"http:\/\/cafe.khomaudeprt.com\/?product=dark-chocolate-dami-80-cocoa-almond-18","title":{"rendered":"Dark chocolate dami  (80% cocoa Almond)"},"content":{"rendered":"<p>Chocolate Graphics ch\u00fang t\u00f4i g\u1ed3m c\u00f3 hai d\u00f2ng s\u1ea3n ph\u1ea9m :<br \/>\nS\u1ea3n ph\u1ea9m Chocolate Graphics Design<br \/>\nS\u1ea3n ph\u1ea9m Chocolate Graphics Truffles<br \/>\nNgo\u00e0i ra ch\u00fang t\u00f4i c\u00f2n cung c\u1ea5p d\u1ecbch v\u1ee5 thi\u1ebft k\u1ebf v\u00e0 s\u1ea3n su\u1ea5t m\u1eabu m\u00e3, bao b\u00ec cho c\u00e1c \u0111\u1ed1i t\u01b0\u1ee3ng kh\u00e1ch h\u00e0ng l\u00e0 c\u00e1c ti\u1ec7m b\u00e1nh, nh\u00e0 h\u00e0ng, kh\u00e1ch s\u1ea1n v\u00e0 doanh nghi\u1ec7p.<\/p>\n<p>Tham quan h\u1ec7 th\u1ed1ng showroom c\u1ee7a ch\u00fang t\u00f4i:<br \/>\n* T\u1ea1i H\u1ed3 Ch\u00ed Minh: 128 Tr\u01b0\u1eddng Chinh Q12 &#8211; Vincom Th\u1ea3o \u0110i\u1ec1n &#8211; Vincom L\u00ea Th\u00e1nh T\u00f4n &#8211; SC Vivo City<br \/>\n* T\u1ea1i H\u00e0 N\u1ed9i: 76 X\u00e3 \u0110\u00e0n &#8211; Vincom B\u00e0 Tri\u1ec7u<\/p>\n<p>Li\u00ean h\u1ec7 v\u1edbi ch\u00fang t\u00f4i qua s\u1ed1 Hotline: 0902 888 513<\/p>\n","protected":false},"excerpt":{"rendered":"<p>Chocolate Graphics ch\u00fang t\u00f4i g\u1ed3m c\u00f3 hai d\u00f2ng s\u1ea3n ph\u1ea9m : S\u1ea3n ph\u1ea9m Chocolate Graphics Design S\u1ea3n ph\u1ea9m Chocolate Graphics Truffles Ngo\u00e0i ra ch\u00fang t\u00f4i c\u00f2n cung c\u1ea5p d\u1ecbch v\u1ee5 thi\u1ebft k\u1ebf v\u00e0 s\u1ea3n su\u1ea5t m\u1eabu m\u00e3, bao b\u00ec cho c\u00e1c \u0111\u1ed1i t\u01b0\u1ee3ng kh\u00e1ch h\u00e0ng l\u00e0 c\u00e1c ti\u1ec7m b\u00e1nh, nh\u00e0 h\u00e0ng, kh\u00e1ch s\u1ea1n v\u00e0 doanh [&#8230;]\n","protected":false},"featured_media":2439,"comment_status":"open","ping_status":"closed","template":"","meta":[],"product_cat":[692,690,688],"product_tag":[],"lang":"en","translations":{"en":2407,"vi":2369},"pll_sync_post":[],"_links":{"self":[{"href":"http:\/\/cafe.khomaudeprt.com\/index.php?rest_route=\/wp\/v2\/product\/2407"}],"collection":[{"href":"http:\/\/cafe.khomaudeprt.com\/index.php?rest_route=\/wp\/v2\/product"}],"about":[{"href":"http:\/\/cafe.khomaudeprt.com\/index.php?rest_route=\/wp\/v2\/types\/product"}],"replies":[{"embeddable":true,"href":"http:\/\/cafe.khomaudeprt.com\/index.php?rest_route=%2Fwp%2Fv2%2Fcomments&post=2407"}],"wp:featuredmedia":[{"embeddable":true,"href":"http:\/\/cafe.khomaudeprt.com\/index.php?rest_route=\/wp\/v2\/media\/2439"}],"wp:attachment":[{"href":"http:\/\/cafe.khomaudeprt.com\/index.php?rest_route=%2Fwp%2Fv2%2Fmedia&parent=2407"}],"wp:term":[{"taxonomy":"product_cat","embeddable":true,"href":"http:\/\/cafe.khomaudeprt.com\/index.php?rest_route=%2Fwp%2Fv2%2Fproduct_cat&post=2407"},{"taxonomy":"product_tag","embeddable":true,"href":"http:\/\/cafe.khomaudeprt.com\/index.php?rest_route=%2Fwp%2Fv2%2Fproduct_tag&post=2407"}],"curies":[{"name":"wp","href":"https:\/\/api.w.org\/{rel}","templated":true}]}}